{"id":11,"date":"2023-02-03T08:44:43","date_gmt":"2023-02-03T08:44:43","guid":{"rendered":"https:\/\/plasto-tec.at.85-25-43-18.atlantic717.startdedicated.de\/?page_id=11"},"modified":"2023-03-21T15:58:36","modified_gmt":"2023-03-21T15:58:36","slug":"ueber-uns","status":"publish","type":"page","link":"https:\/\/www.plasto-tec.at\/?page_id=11","title":{"rendered":"\u00dcber Uns"},"content":{"rendered":"\t\t<div data-elementor-type=\"wp-page\" data-elementor-id=\"11\" class=\"elementor elementor-11\" data-elementor-post-type=\"page\">\n\t\t\t\t\t\t<section class=\"elementor-section elementor-top-section elementor-element elementor-element-3b6c6330 elementor-section-height-min-height elementor-section-boxed elementor-section-height-default elementor-section-items-middle\" data-id=\"3b6c6330\" data-element_type=\"section\" data-e-type=\"section\" data-settings=\"{&quot;background_background&quot;:&quot;classic&quot;}\">\n\t\t\t\t\t\t\t<div class=\"elementor-background-overlay\"><\/div>\n\t\t\t\t\t\t\t<div class=\"elementor-container elementor-column-gap-default\">\n\t\t\t\t\t<div class=\"elementor-column elementor-col-100 elementor-top-column elementor-element elementor-element-3f2ff4ad\" data-id=\"3f2ff4ad\" data-element_type=\"column\" data-e-type=\"column\">\n\t\t\t<div class=\"elementor-widget-wrap elementor-element-populated\">\n\t\t\t\t\t\t<div class=\"elementor-element elementor-element-4f11ea2f elementor-invisible elementor-widget elementor-widget-heading\" data-id=\"4f11ea2f\" data-element_type=\"widget\" data-e-type=\"widget\" data-settings=\"{&quot;_animation&quot;:&quot;fadeInDown&quot;}\" data-widget_type=\"heading.default\">\n\t\t\t\t<div class=\"elementor-widget-container\">\n\t\t\t\t\t<h1 class=\"elementor-heading-title elementor-size-default\">\u00dcber Uns<\/h1>\t\t\t\t<\/div>\n\t\t\t\t<\/div>\n\t\t\t\t<div class=\"elementor-element elementor-element-2cb9bbb elementor-widget elementor-widget-text-editor\" data-id=\"2cb9bbb\" data-element_type=\"widget\" data-e-type=\"widget\" data-widget_type=\"text-editor.default\">\n\t\t\t\t<div class=\"elementor-widget-container\">\n\t\t\t\t\t\t\t\t\t<p>Kunststoffl\u00f6sungen f\u00fcr den Beh\u00e4lter- und Anlagenbau<\/p>\t\t\t\t\t\t\t\t<\/div>\n\t\t\t\t<\/div>\n\t\t\t\t<div class=\"elementor-element elementor-element-402811f elementor-align-center elementor-invisible elementor-widget elementor-widget-button\" data-id=\"402811f\" data-element_type=\"widget\" data-e-type=\"widget\" data-settings=\"{&quot;_animation&quot;:&quot;fadeInUp&quot;}\" data-widget_type=\"button.default\">\n\t\t\t\t<div class=\"elementor-widget-container\">\n\t\t\t\t\t\t\t\t\t<div class=\"elementor-button-wrapper\">\n\t\t\t\t\t<a class=\"elementor-button elementor-button-link elementor-size-sm\" href=\"https:\/\/www.plasto-tec.at\/?page_id=15\">\n\t\t\t\t\t\t<span class=\"elementor-button-content-wrapper\">\n\t\t\t\t\t\t\t\t\t<span class=\"elementor-button-text\">Kontaktieren sie uns<\/span>\n\t\t\t\t\t<\/span>\n\t\t\t\t\t<\/a>\n\t\t\t\t<\/div>\n\t\t\t\t\t\t\t\t<\/div>\n\t\t\t\t<\/div>\n\t\t\t\t\t<\/div>\n\t\t<\/div>\n\t\t\t\t\t<\/div>\n\t\t<\/section>\n\t\t\t\t<section class=\"elementor-section elementor-top-section elementor-element elementor-element-290c91fc elementor-section-content-top elementor-section-full_width elementor-section-height-default elementor-section-height-default\" data-id=\"290c91fc\" data-element_type=\"section\" data-e-type=\"section\" data-settings=\"{&quot;background_background&quot;:&quot;classic&quot;}\">\n\t\t\t\t\t\t<div class=\"elementor-container elementor-column-gap-no\">\n\t\t\t\t\t<div class=\"elementor-column elementor-col-100 elementor-top-column elementor-element elementor-element-5fae5de9\" data-id=\"5fae5de9\" data-element_type=\"column\" data-e-type=\"column\">\n\t\t\t<div class=\"elementor-widget-wrap elementor-element-populated\">\n\t\t\t\t\t\t<section class=\"elementor-section elementor-inner-section elementor-element elementor-element-53a09f9 elementor-section-content-middle elementor-section-boxed elementor-section-height-default elementor-section-height-default\" data-id=\"53a09f9\" data-element_type=\"section\" data-e-type=\"section\">\n\t\t\t\t\t\t<div class=\"elementor-container elementor-column-gap-no\">\n\t\t\t\t\t<div class=\"elementor-column elementor-col-50 elementor-inner-column elementor-element elementor-element-6c496f9f\" data-id=\"6c496f9f\" data-element_type=\"column\" data-e-type=\"column\">\n\t\t\t<div class=\"elementor-widget-wrap elementor-element-populated\">\n\t\t\t\t\t\t<div class=\"elementor-element elementor-element-0bb94eb elementor-widget elementor-widget-image\" data-id=\"0bb94eb\" data-element_type=\"widget\" data-e-type=\"widget\" data-widget_type=\"image.default\">\n\t\t\t\t<div class=\"elementor-widget-container\">\n\t\t\t\t\t\t\t\t\t\t\t\t\t\t\t<img fetchpriority=\"high\" decoding=\"async\" width=\"300\" height=\"300\" src=\"https:\/\/www.plasto-tec.at\/wp-content\/uploads\/2023\/02\/about.png\" class=\"attachment-large size-large wp-image-216\" alt=\"\" srcset=\"https:\/\/www.plasto-tec.at\/wp-content\/uploads\/2023\/02\/about.png 300w, https:\/\/www.plasto-tec.at\/wp-content\/uploads\/2023\/02\/about-150x150.png 150w\" sizes=\"(max-width: 300px) 100vw, 300px\" \/>\t\t\t\t\t\t\t\t\t\t\t\t\t\t\t<\/div>\n\t\t\t\t<\/div>\n\t\t\t\t\t<\/div>\n\t\t<\/div>\n\t\t\t\t<div class=\"elementor-column elementor-col-50 elementor-inner-column elementor-element elementor-element-7c80af7a\" data-id=\"7c80af7a\" data-element_type=\"column\" data-e-type=\"column\">\n\t\t\t<div class=\"elementor-widget-wrap elementor-element-populated\">\n\t\t\t\t\t\t<div class=\"elementor-element elementor-element-e4ed5cd elementor-widget elementor-widget-heading\" data-id=\"e4ed5cd\" data-element_type=\"widget\" data-e-type=\"widget\" data-widget_type=\"heading.default\">\n\t\t\t\t<div class=\"elementor-widget-container\">\n\t\t\t\t\t<h2 class=\"elementor-heading-title elementor-size-default\">Das Unternehmen<\/h2>\t\t\t\t<\/div>\n\t\t\t\t<\/div>\n\t\t\t\t<div class=\"elementor-element elementor-element-676c2deb elementor-widget elementor-widget-text-editor\" data-id=\"676c2deb\" data-element_type=\"widget\" data-e-type=\"widget\" data-widget_type=\"text-editor.default\">\n\t\t\t\t<div class=\"elementor-widget-container\">\n\t\t\t\t\t\t\t\t\t<p>Die <strong>plasto-tec GmbH<\/strong> ist ein eigenst\u00e4ndiges, dynamisches und am Markt gut eingef\u00fchrtes Unternehmen im Kunststoffanlagenbau mit Sitz in Mautern, Nieder\u00f6sterreich. Sie ging im Jahr 1997 aus dem ehemaligen Bereich &#8222;Kunststoffbeh\u00e4lterbau&#8220; der Krems Chemie AG hervor und ist seitdem auch in die weltweiten Aktivit\u00e4ten der im Kunststoff-Apparate- und Beh\u00e4lterbau f\u00fchrenden Plasticon Composites &#8211; Gruppe integriert. Damit lassen sich zahlreiche Synergieeffekte zum Vorteil unserer Kunden nutzen und erm\u00f6glichen uns, professionelle L\u00f6sungen bei durchg\u00e4ngig h\u00f6chster Qualit\u00e4t aus einer Hand zu bieten. Mit Institutionen wie dem T\u00dcV und \u00f6sterreichischen F&amp;E-Instituten im Bereich Kunststoffe pflegen wir regelm\u00e4\u00dfigen Kontakt und Erfahrungsaustausch, um stets aktuell auf die neuesten Entwicklungen reagieren zu k\u00f6nnen.<\/p>\t\t\t\t\t\t\t\t<\/div>\n\t\t\t\t<\/div>\n\t\t\t\t\t<\/div>\n\t\t<\/div>\n\t\t\t\t\t<\/div>\n\t\t<\/section>\n\t\t\t\t\t<\/div>\n\t\t<\/div>\n\t\t\t\t\t<\/div>\n\t\t<\/section>\n\t\t\t\t<section class=\"elementor-section elementor-top-section elementor-element elementor-element-7b2931b4 elementor-section-height-min-height elementor-section-boxed elementor-section-height-default elementor-section-items-middle\" data-id=\"7b2931b4\" data-element_type=\"section\" data-e-type=\"section\">\n\t\t\t\t\t\t\t<div class=\"elementor-background-overlay\"><\/div>\n\t\t\t\t\t\t\t<div class=\"elementor-container elementor-column-gap-default\">\n\t\t\t\t\t<div class=\"elementor-column elementor-col-100 elementor-top-column elementor-element elementor-element-14d27c15\" data-id=\"14d27c15\" data-element_type=\"column\" data-e-type=\"column\">\n\t\t\t<div class=\"elementor-widget-wrap elementor-element-populated\">\n\t\t\t\t\t\t<div class=\"elementor-element elementor-element-fd0aa60 elementor-widget-divider--view-line elementor-widget elementor-widget-divider\" data-id=\"fd0aa60\" data-element_type=\"widget\" data-e-type=\"widget\" data-widget_type=\"divider.default\">\n\t\t\t\t<div class=\"elementor-widget-container\">\n\t\t\t\t\t\t\t<div class=\"elementor-divider\">\n\t\t\t<span class=\"elementor-divider-separator\">\n\t\t\t\t\t\t<\/span>\n\t\t<\/div>\n\t\t\t\t\t\t<\/div>\n\t\t\t\t<\/div>\n\t\t\t\t<section class=\"elementor-section elementor-inner-section elementor-element elementor-element-c44f812 elementor-section-boxed elementor-section-height-default elementor-section-height-default\" data-id=\"c44f812\" data-element_type=\"section\" data-e-type=\"section\">\n\t\t\t\t\t\t<div class=\"elementor-container elementor-column-gap-default\">\n\t\t\t\t\t<div class=\"elementor-column elementor-col-50 elementor-inner-column elementor-element elementor-element-1a8c5356\" data-id=\"1a8c5356\" data-element_type=\"column\" data-e-type=\"column\">\n\t\t\t<div class=\"elementor-widget-wrap elementor-element-populated\">\n\t\t\t\t\t\t<div class=\"elementor-element elementor-element-a3346cb elementor-widget elementor-widget-image\" data-id=\"a3346cb\" data-element_type=\"widget\" data-e-type=\"widget\" data-widget_type=\"image.default\">\n\t\t\t\t<div class=\"elementor-widget-container\">\n\t\t\t\t\t\t\t\t\t\t\t\t\t\t\t<img decoding=\"async\" width=\"800\" height=\"600\" src=\"https:\/\/www.plasto-tec.at\/wp-content\/uploads\/2023\/03\/Schwerpunkte-1024x768.jpg\" class=\"elementor-animation-hang attachment-large size-large wp-image-520\" alt=\"\" srcset=\"https:\/\/www.plasto-tec.at\/wp-content\/uploads\/2023\/03\/Schwerpunkte-1024x768.jpg 1024w, https:\/\/www.plasto-tec.at\/wp-content\/uploads\/2023\/03\/Schwerpunkte-300x225.jpg 300w, https:\/\/www.plasto-tec.at\/wp-content\/uploads\/2023\/03\/Schwerpunkte-768x576.jpg 768w, https:\/\/www.plasto-tec.at\/wp-content\/uploads\/2023\/03\/Schwerpunkte-1536x1152.jpg 1536w, https:\/\/www.plasto-tec.at\/wp-content\/uploads\/2023\/03\/Schwerpunkte-2048x1536.jpg 2048w\" sizes=\"(max-width: 800px) 100vw, 800px\" \/>\t\t\t\t\t\t\t\t\t\t\t\t\t\t\t<\/div>\n\t\t\t\t<\/div>\n\t\t\t\t\t<\/div>\n\t\t<\/div>\n\t\t\t\t<div class=\"elementor-column elementor-col-50 elementor-inner-column elementor-element elementor-element-1d99d139\" data-id=\"1d99d139\" data-element_type=\"column\" data-e-type=\"column\" data-settings=\"{&quot;background_background&quot;:&quot;classic&quot;}\">\n\t\t\t<div class=\"elementor-widget-wrap elementor-element-populated\">\n\t\t\t\t\t\t<div class=\"elementor-element elementor-element-747fdbe0 elementor-widget elementor-widget-heading\" data-id=\"747fdbe0\" data-element_type=\"widget\" data-e-type=\"widget\" data-widget_type=\"heading.default\">\n\t\t\t\t<div class=\"elementor-widget-container\">\n\t\t\t\t\t<h3 class=\"elementor-heading-title elementor-size-default\">Die Schwerpunkte<\/h3>\t\t\t\t<\/div>\n\t\t\t\t<\/div>\n\t\t\t\t<div class=\"elementor-element elementor-element-14467ef1 elementor-widget elementor-widget-text-editor\" data-id=\"14467ef1\" data-element_type=\"widget\" data-e-type=\"widget\" data-widget_type=\"text-editor.default\">\n\t\t\t\t<div class=\"elementor-widget-container\">\n\t\t\t\t\t\t\t\t\t<p>Kunststoff-Konstruktionen wie Lager- und Transport-Beh\u00e4lter, Prozessanlagen, Abluftkamine, Rohrleitungen f\u00fcr die Chemische Industrie, Papier- und Zellstoff-Industrie, Umwelttechnik sowie Industrial Engineering<\/p><p><span style=\"color: #003366;\">\u25ba<\/span> Beratung bei der Planung und Konzeption<br \/><span style=\"color: #003366;\">\u25ba<\/span> Lieferung von Komponenten und Zubeh\u00f6r<br \/><span style=\"color: #003366;\">\u25ba<\/span> Vor-Ort-Fertigung von gro\u00dfen Bauteilen bis 20 m Durchmesser<br \/><span style=\"color: #003366;\">\u25ba<\/span> Vor-Ort-Montage<br \/><span style=\"color: #003366;\">\u25ba<\/span> Inspektion, Wartung und Reparaturen<\/p>\t\t\t\t\t\t\t\t<\/div>\n\t\t\t\t<\/div>\n\t\t\t\t\t<\/div>\n\t\t<\/div>\n\t\t\t\t\t<\/div>\n\t\t<\/section>\n\t\t\t\t<section class=\"elementor-section elementor-inner-section elementor-element elementor-element-78e6a07b elementor-reverse-mobile elementor-section-boxed elementor-section-height-default elementor-section-height-default\" data-id=\"78e6a07b\" data-element_type=\"section\" data-e-type=\"section\">\n\t\t\t\t\t\t<div class=\"elementor-container elementor-column-gap-default\">\n\t\t\t\t\t<div class=\"elementor-column elementor-col-50 elementor-inner-column elementor-element elementor-element-56fd565b\" data-id=\"56fd565b\" data-element_type=\"column\" data-e-type=\"column\" data-settings=\"{&quot;background_background&quot;:&quot;classic&quot;}\">\n\t\t\t<div class=\"elementor-widget-wrap elementor-element-populated\">\n\t\t\t\t\t\t<div class=\"elementor-element elementor-element-42e1df00 elementor-widget elementor-widget-heading\" data-id=\"42e1df00\" data-element_type=\"widget\" data-e-type=\"widget\" data-widget_type=\"heading.default\">\n\t\t\t\t<div class=\"elementor-widget-container\">\n\t\t\t\t\t<h3 class=\"elementor-heading-title elementor-size-default\">Die Mitarbeiter<\/h3>\t\t\t\t<\/div>\n\t\t\t\t<\/div>\n\t\t\t\t<div class=\"elementor-element elementor-element-17270138 elementor-widget elementor-widget-text-editor\" data-id=\"17270138\" data-element_type=\"widget\" data-e-type=\"widget\" data-widget_type=\"text-editor.default\">\n\t\t\t\t<div class=\"elementor-widget-container\">\n\t\t\t\t\t\t\t\t\t<p>Qualifikation und Engagement zeichnen die Mitarbeiter der plasto-tec aus. Um mit dem raschen technischen Fortschritt mitzuhalten, sind die plasto-tec &#8211; Mitarbeiter in ein systematisches Trainingsprogramm eingebunden:<\/p><p><span style=\"color: #003366;\">\u25ba<\/span> Unsere Technischen Mitarbeiter werden regelm\u00e4\u00dfig \u00fcber Neuerungen, \u00c4nderungen und Erweiterungen informiert und entsprechend geschult. Dies kommt unseren Kunden unmittelbar durch gesteigerte Produktionsqualit\u00e4t und ausgezeichneten Service zugute.<\/p><p><span style=\"color: #003366;\">\u25ba<\/span> Unsere zertifizierten Laminierer und Thermoplast-Schwei\u00dfer unterliegen einer st\u00e4ndigen Fortbildung, die in Anlehnung an f\u00fchrende Pr\u00fcfinstitute wie z. B. DVS, KIWA und T\u00dcV vorgenommen wird.<\/p>\t\t\t\t\t\t\t\t<\/div>\n\t\t\t\t<\/div>\n\t\t\t\t\t<\/div>\n\t\t<\/div>\n\t\t\t\t<div class=\"elementor-column elementor-col-50 elementor-inner-column elementor-element elementor-element-5152dbab\" data-id=\"5152dbab\" data-element_type=\"column\" data-e-type=\"column\">\n\t\t\t<div class=\"elementor-widget-wrap elementor-element-populated\">\n\t\t\t\t\t\t<div class=\"elementor-element elementor-element-1c45ec9a elementor-widget elementor-widget-image\" data-id=\"1c45ec9a\" data-element_type=\"widget\" data-e-type=\"widget\" data-widget_type=\"image.default\">\n\t\t\t\t<div class=\"elementor-widget-container\">\n\t\t\t\t\t\t\t\t\t\t\t\t\t\t\t<img decoding=\"async\" width=\"800\" height=\"600\" src=\"https:\/\/www.plasto-tec.at\/wp-content\/uploads\/2023\/03\/Mitarbeiter-1024x768.jpg\" class=\"elementor-animation-hang attachment-large size-large wp-image-521\" alt=\"\" srcset=\"https:\/\/www.plasto-tec.at\/wp-content\/uploads\/2023\/03\/Mitarbeiter-1024x768.jpg 1024w, https:\/\/www.plasto-tec.at\/wp-content\/uploads\/2023\/03\/Mitarbeiter-300x225.jpg 300w, https:\/\/www.plasto-tec.at\/wp-content\/uploads\/2023\/03\/Mitarbeiter-768x576.jpg 768w, https:\/\/www.plasto-tec.at\/wp-content\/uploads\/2023\/03\/Mitarbeiter-1536x1152.jpg 1536w, https:\/\/www.plasto-tec.at\/wp-content\/uploads\/2023\/03\/Mitarbeiter.jpg 2048w\" sizes=\"(max-width: 800px) 100vw, 800px\" \/>\t\t\t\t\t\t\t\t\t\t\t\t\t\t\t<\/div>\n\t\t\t\t<\/div>\n\t\t\t\t\t<\/div>\n\t\t<\/div>\n\t\t\t\t\t<\/div>\n\t\t<\/section>\n\t\t\t\t\t<\/div>\n\t\t<\/div>\n\t\t\t\t\t<\/div>\n\t\t<\/section>\n\t\t\t\t<\/div>\n\t\t","protected":false},"excerpt":{"rendered":"<p>\u00dcber Uns Kunststoffl\u00f6sungen f\u00fcr den Beh\u00e4lter- und Anlagenbau Kontaktieren sie uns Das Unternehmen Die plasto-tec GmbH ist ein eigenst\u00e4ndiges, dynamisches und am Markt gut eingef\u00fchrtes Unternehmen im Kunststoffanlagenbau mit Sitz in Mautern, Nieder\u00f6sterreich. Sie ging im Jahr 1997 aus dem ehemaligen Bereich &#8222;Kunststoffbeh\u00e4lterbau&#8220; der Krems Chemie AG hervor und ist seitdem auch in die weltweiten [&hellip;]<\/p>\n","protected":false},"author":1,"featured_media":0,"parent":0,"menu_order":0,"comment_status":"closed","ping_status":"closed","template":"elementor_header_footer","meta":{"footnotes":""},"class_list":["post-11","page","type-page","status-publish","hentry"],"yoast_head":"<!-- This site is optimized with the Yoast SEO plugin v27.5 - https:\/\/yoast.com\/product\/yoast-seo-wordpress\/ -->\n<title>\u00dcber Uns - Plasto-tec<\/title>\n<meta name=\"robots\" content=\"index, follow, max-snippet:-1, max-image-preview:large, max-video-preview:-1\" \/>\n<link rel=\"canonical\" href=\"https:\/\/www.plasto-tec.at\/?page_id=11\" \/>\n<meta property=\"og:locale\" content=\"de_DE\" \/>\n<meta property=\"og:type\" content=\"article\" \/>\n<meta property=\"og:title\" content=\"\u00dcber Uns - Plasto-tec\" \/>\n<meta property=\"og:description\" content=\"\u00dcber Uns Kunststoffl\u00f6sungen f\u00fcr den Beh\u00e4lter- und Anlagenbau Kontaktieren sie uns Das Unternehmen Die plasto-tec GmbH ist ein eigenst\u00e4ndiges, dynamisches und am Markt gut eingef\u00fchrtes Unternehmen im Kunststoffanlagenbau mit Sitz in Mautern, Nieder\u00f6sterreich. Sie ging im Jahr 1997 aus dem ehemaligen Bereich &#8222;Kunststoffbeh\u00e4lterbau&#8220; der Krems Chemie AG hervor und ist seitdem auch in die weltweiten [&hellip;]\" \/>\n<meta property=\"og:url\" content=\"https:\/\/www.plasto-tec.at\/?page_id=11\" \/>\n<meta property=\"og:site_name\" content=\"Plasto-tec\" \/>\n<meta property=\"article:modified_time\" content=\"2023-03-21T15:58:36+00:00\" \/>\n<meta property=\"og:image\" content=\"https:\/\/www.plasto-tec.at\/wp-content\/uploads\/2023\/02\/about.png\" \/>\n<meta name=\"twitter:card\" content=\"summary_large_image\" \/>\n<meta name=\"twitter:label1\" content=\"Gesch\u00e4tzte Lesezeit\" \/>\n\t<meta name=\"twitter:data1\" content=\"2\u00a0Minuten\" \/>\n<script type=\"application\/ld+json\" class=\"yoast-schema-graph\">{\"@context\":\"https:\\\/\\\/schema.org\",\"@graph\":[{\"@type\":\"WebPage\",\"@id\":\"https:\\\/\\\/www.plasto-tec.at\\\/?page_id=11\",\"url\":\"https:\\\/\\\/www.plasto-tec.at\\\/?page_id=11\",\"name\":\"\u00dcber Uns - Plasto-tec\",\"isPartOf\":{\"@id\":\"https:\\\/\\\/www.plasto-tec.at\\\/#website\"},\"primaryImageOfPage\":{\"@id\":\"https:\\\/\\\/www.plasto-tec.at\\\/?page_id=11#primaryimage\"},\"image\":{\"@id\":\"https:\\\/\\\/www.plasto-tec.at\\\/?page_id=11#primaryimage\"},\"thumbnailUrl\":\"https:\\\/\\\/www.plasto-tec.at\\\/wp-content\\\/uploads\\\/2023\\\/02\\\/about.png\",\"datePublished\":\"2023-02-03T08:44:43+00:00\",\"dateModified\":\"2023-03-21T15:58:36+00:00\",\"breadcrumb\":{\"@id\":\"https:\\\/\\\/www.plasto-tec.at\\\/?page_id=11#breadcrumb\"},\"inLanguage\":\"de\",\"potentialAction\":[{\"@type\":\"ReadAction\",\"target\":[\"https:\\\/\\\/www.plasto-tec.at\\\/?page_id=11\"]}]},{\"@type\":\"ImageObject\",\"inLanguage\":\"de\",\"@id\":\"https:\\\/\\\/www.plasto-tec.at\\\/?page_id=11#primaryimage\",\"url\":\"https:\\\/\\\/www.plasto-tec.at\\\/wp-content\\\/uploads\\\/2023\\\/02\\\/about.png\",\"contentUrl\":\"https:\\\/\\\/www.plasto-tec.at\\\/wp-content\\\/uploads\\\/2023\\\/02\\\/about.png\",\"width\":300,\"height\":300},{\"@type\":\"BreadcrumbList\",\"@id\":\"https:\\\/\\\/www.plasto-tec.at\\\/?page_id=11#breadcrumb\",\"itemListElement\":[{\"@type\":\"ListItem\",\"position\":1,\"name\":\"Startseite\",\"item\":\"https:\\\/\\\/www.plasto-tec.at\\\/\"},{\"@type\":\"ListItem\",\"position\":2,\"name\":\"\u00dcber Uns\"}]},{\"@type\":\"WebSite\",\"@id\":\"https:\\\/\\\/www.plasto-tec.at\\\/#website\",\"url\":\"https:\\\/\\\/www.plasto-tec.at\\\/\",\"name\":\"Plasto-tec\",\"description\":\"\",\"publisher\":{\"@id\":\"https:\\\/\\\/www.plasto-tec.at\\\/#organization\"},\"potentialAction\":[{\"@type\":\"SearchAction\",\"target\":{\"@type\":\"EntryPoint\",\"urlTemplate\":\"https:\\\/\\\/www.plasto-tec.at\\\/?s={search_term_string}\"},\"query-input\":{\"@type\":\"PropertyValueSpecification\",\"valueRequired\":true,\"valueName\":\"search_term_string\"}}],\"inLanguage\":\"de\"},{\"@type\":\"Organization\",\"@id\":\"https:\\\/\\\/www.plasto-tec.at\\\/#organization\",\"name\":\"Plasto-tec\",\"url\":\"https:\\\/\\\/www.plasto-tec.at\\\/\",\"logo\":{\"@type\":\"ImageObject\",\"inLanguage\":\"de\",\"@id\":\"https:\\\/\\\/www.plasto-tec.at\\\/#\\\/schema\\\/logo\\\/image\\\/\",\"url\":\"https:\\\/\\\/www.plasto-tec.at\\\/wp-content\\\/uploads\\\/2023\\\/01\\\/Plasto_tec_Logo_negativ-scaled.jpg\",\"contentUrl\":\"https:\\\/\\\/www.plasto-tec.at\\\/wp-content\\\/uploads\\\/2023\\\/01\\\/Plasto_tec_Logo_negativ-scaled.jpg\",\"width\":2560,\"height\":785,\"caption\":\"Plasto-tec\"},\"image\":{\"@id\":\"https:\\\/\\\/www.plasto-tec.at\\\/#\\\/schema\\\/logo\\\/image\\\/\"}}]}<\/script>\n<!-- \/ Yoast SEO plugin. -->","yoast_head_json":{"title":"\u00dcber Uns - Plasto-tec","robots":{"index":"index","follow":"follow","max-snippet":"max-snippet:-1","max-image-preview":"max-image-preview:large","max-video-preview":"max-video-preview:-1"},"canonical":"https:\/\/www.plasto-tec.at\/?page_id=11","og_locale":"de_DE","og_type":"article","og_title":"\u00dcber Uns - Plasto-tec","og_description":"\u00dcber Uns Kunststoffl\u00f6sungen f\u00fcr den Beh\u00e4lter- und Anlagenbau Kontaktieren sie uns Das Unternehmen Die plasto-tec GmbH ist ein eigenst\u00e4ndiges, dynamisches und am Markt gut eingef\u00fchrtes Unternehmen im Kunststoffanlagenbau mit Sitz in Mautern, Nieder\u00f6sterreich. Sie ging im Jahr 1997 aus dem ehemaligen Bereich &#8222;Kunststoffbeh\u00e4lterbau&#8220; der Krems Chemie AG hervor und ist seitdem auch in die weltweiten [&hellip;]","og_url":"https:\/\/www.plasto-tec.at\/?page_id=11","og_site_name":"Plasto-tec","article_modified_time":"2023-03-21T15:58:36+00:00","og_image":[{"url":"https:\/\/www.plasto-tec.at\/wp-content\/uploads\/2023\/02\/about.png","type":"","width":"","height":""}],"twitter_card":"summary_large_image","twitter_misc":{"Gesch\u00e4tzte Lesezeit":"2\u00a0Minuten"},"schema":{"@context":"https:\/\/schema.org","@graph":[{"@type":"WebPage","@id":"https:\/\/www.plasto-tec.at\/?page_id=11","url":"https:\/\/www.plasto-tec.at\/?page_id=11","name":"\u00dcber Uns - Plasto-tec","isPartOf":{"@id":"https:\/\/www.plasto-tec.at\/#website"},"primaryImageOfPage":{"@id":"https:\/\/www.plasto-tec.at\/?page_id=11#primaryimage"},"image":{"@id":"https:\/\/www.plasto-tec.at\/?page_id=11#primaryimage"},"thumbnailUrl":"https:\/\/www.plasto-tec.at\/wp-content\/uploads\/2023\/02\/about.png","datePublished":"2023-02-03T08:44:43+00:00","dateModified":"2023-03-21T15:58:36+00:00","breadcrumb":{"@id":"https:\/\/www.plasto-tec.at\/?page_id=11#breadcrumb"},"inLanguage":"de","potentialAction":[{"@type":"ReadAction","target":["https:\/\/www.plasto-tec.at\/?page_id=11"]}]},{"@type":"ImageObject","inLanguage":"de","@id":"https:\/\/www.plasto-tec.at\/?page_id=11#primaryimage","url":"https:\/\/www.plasto-tec.at\/wp-content\/uploads\/2023\/02\/about.png","contentUrl":"https:\/\/www.plasto-tec.at\/wp-content\/uploads\/2023\/02\/about.png","width":300,"height":300},{"@type":"BreadcrumbList","@id":"https:\/\/www.plasto-tec.at\/?page_id=11#breadcrumb","itemListElement":[{"@type":"ListItem","position":1,"name":"Startseite","item":"https:\/\/www.plasto-tec.at\/"},{"@type":"ListItem","position":2,"name":"\u00dcber Uns"}]},{"@type":"WebSite","@id":"https:\/\/www.plasto-tec.at\/#website","url":"https:\/\/www.plasto-tec.at\/","name":"Plasto-tec","description":"","publisher":{"@id":"https:\/\/www.plasto-tec.at\/#organization"},"potentialAction":[{"@type":"SearchAction","target":{"@type":"EntryPoint","urlTemplate":"https:\/\/www.plasto-tec.at\/?s={search_term_string}"},"query-input":{"@type":"PropertyValueSpecification","valueRequired":true,"valueName":"search_term_string"}}],"inLanguage":"de"},{"@type":"Organization","@id":"https:\/\/www.plasto-tec.at\/#organization","name":"Plasto-tec","url":"https:\/\/www.plasto-tec.at\/","logo":{"@type":"ImageObject","inLanguage":"de","@id":"https:\/\/www.plasto-tec.at\/#\/schema\/logo\/image\/","url":"https:\/\/www.plasto-tec.at\/wp-content\/uploads\/2023\/01\/Plasto_tec_Logo_negativ-scaled.jpg","contentUrl":"https:\/\/www.plasto-tec.at\/wp-content\/uploads\/2023\/01\/Plasto_tec_Logo_negativ-scaled.jpg","width":2560,"height":785,"caption":"Plasto-tec"},"image":{"@id":"https:\/\/www.plasto-tec.at\/#\/schema\/logo\/image\/"}}]}},"_links":{"self":[{"href":"https:\/\/www.plasto-tec.at\/index.php?rest_route=\/wp\/v2\/pages\/11","targetHints":{"allow":["GET"]}}],"collection":[{"href":"https:\/\/www.plasto-tec.at\/index.php?rest_route=\/wp\/v2\/pages"}],"about":[{"href":"https:\/\/www.plasto-tec.at\/index.php?rest_route=\/wp\/v2\/types\/page"}],"author":[{"embeddable":true,"href":"https:\/\/www.plasto-tec.at\/index.php?rest_route=\/wp\/v2\/users\/1"}],"replies":[{"embeddable":true,"href":"https:\/\/www.plasto-tec.at\/index.php?rest_route=%2Fwp%2Fv2%2Fcomments&post=11"}],"version-history":[{"count":40,"href":"https:\/\/www.plasto-tec.at\/index.php?rest_route=\/wp\/v2\/pages\/11\/revisions"}],"predecessor-version":[{"id":587,"href":"https:\/\/www.plasto-tec.at\/index.php?rest_route=\/wp\/v2\/pages\/11\/revisions\/587"}],"wp:attachment":[{"href":"https:\/\/www.plasto-tec.at\/index.php?rest_route=%2Fwp%2Fv2%2Fmedia&parent=11"}],"curies":[{"name":"wp","href":"https:\/\/api.w.org\/{rel}","templated":true}]}}