{"id":17,"date":"2023-02-03T08:47:09","date_gmt":"2023-02-03T08:47:09","guid":{"rendered":"https:\/\/plasto-tec.at.85-25-43-18.atlantic717.startdedicated.de\/?page_id=17"},"modified":"2026-01-07T05:56:33","modified_gmt":"2026-01-07T05:56:33","slug":"stellenangebote","status":"publish","type":"page","link":"https:\/\/www.plasto-tec.at\/?page_id=17","title":{"rendered":"Stellenangebote"},"content":{"rendered":"\t\t<div data-elementor-type=\"wp-page\" data-elementor-id=\"17\" class=\"elementor elementor-17\" data-elementor-post-type=\"page\">\n\t\t\t\t\t\t<section class=\"elementor-section elementor-top-section elementor-element elementor-element-1bf3fc5 elementor-section-height-min-height elementor-section-boxed elementor-section-height-default elementor-section-items-middle\" data-id=\"1bf3fc5\" data-element_type=\"section\" data-e-type=\"section\" data-settings=\"{&quot;background_background&quot;:&quot;classic&quot;}\">\n\t\t\t\t\t\t\t<div class=\"elementor-background-overlay\"><\/div>\n\t\t\t\t\t\t\t<div class=\"elementor-container elementor-column-gap-default\">\n\t\t\t\t\t<div class=\"elementor-column elementor-col-50 elementor-top-column elementor-element elementor-element-2a4a40ce\" data-id=\"2a4a40ce\" data-element_type=\"column\" data-e-type=\"column\">\n\t\t\t<div class=\"elementor-widget-wrap elementor-element-populated\">\n\t\t\t\t\t\t<div class=\"elementor-element elementor-element-50a7e983 elementor-widget elementor-widget-heading\" data-id=\"50a7e983\" data-element_type=\"widget\" data-e-type=\"widget\" data-widget_type=\"heading.default\">\n\t\t\t\t<div class=\"elementor-widget-container\">\n\t\t\t\t\t<h1 class=\"elementor-heading-title elementor-size-default\">Stellenangebote<\/h1>\t\t\t\t<\/div>\n\t\t\t\t<\/div>\n\t\t\t\t<div class=\"elementor-element elementor-element-5147c516 elementor-widget elementor-widget-text-editor\" data-id=\"5147c516\" data-element_type=\"widget\" data-e-type=\"widget\" data-widget_type=\"text-editor.default\">\n\t\t\t\t<div class=\"elementor-widget-container\">\n\t\t\t\t\t\t\t\t\t<p>Wir freuen wir uns auf Ihre Initiativbewerbung.<\/p><p><strong>Aktuelle Stellenangebote:<\/strong><\/p><h5><span style=\"color: #000080;\">Kunststoff Schlosser: verarbeiten, verschwei\u00dfen von Kunststoffen (m\/w\/d)<\/span><\/h5><p>Standort: Mautern, N\u00d6<\/p><p>F\u00fcr die plasto-tec GmbH suchen wir ab sofort zur Verst\u00e4rkung unseres Teams f\u00fcr den Standort in 3512 Mautern eine\/n erfahrene\/n Facharbeiter\/in.<\/p><p>Beschreibung:<\/p><p><span style=\"color: #333333; font-size: 10.5pt;\">\u25ba Verarbeiten und Schwei\u00dfen von allen duroplastischen,<\/span><\/p><p style=\"margin-top: 0pt; margin-bottom: 7pt; font-family: &amp;quot; font-size: 10.5pt; color: #333333;\">thermoplastischen und fluorierten Kunststoffen.<\/p><p style=\"margin-top: 0pt; margin-bottom: 7pt; font-family: &amp;quot; font-size: 10.5pt; color: #333333;\">\u25ba Anfertigen von Kunststoffapparaten, Rohrleitungen nach<br \/>vorgegebenen Fertigungszeichnungen.<\/p><p style=\"margin-top: 0pt; margin-bottom: 7pt; font-family: &amp;quot; font-size: 10.5pt; color: #333333;\">\u25ba Selbstst\u00e4ndiges abarbeiten von Produktionsauftr\u00e4gen.<\/p><p style=\"margin-top: 0pt; margin-bottom: 7pt; font-family: &amp;quot; font-size: 10.5pt; color: #333333;\">\u25ba Arbeiten am Standort und auch auf Baustellen.<\/p><p style=\"margin-top: 0pt; margin-bottom: 7pt; font-family: Calibri; font-size: 11.0pt;\"><span style=\"color: #333333; font-size: 10.5pt; font-family: Lato, sans-serif;\">Anforderung:<\/span><\/p><p style=\"margin-top: 0pt; margin-bottom: 7pt; font-family: &amp;quot; font-size: 10.5pt; color: #333333;\">\u25ba Abgeschlossene Ausbildung Facharbeiter f\u00fcr Kunststoffe<br \/>mit mehreren Jahren Berufserfahrung in der Kunststoffverarbeitung Lesen von<br \/>Fertigungszeichnungen.<\/p><p style=\"margin-top: 0pt; margin-bottom: 7pt; font-family: &amp;quot; font-size: 10.5pt; color: #333333;\">\u25ba Erfahrung im Bereich Beh\u00e4lter\/ Apparatebau \/<br \/>Kunststoffe und erweiterte Kenntnisse im Verschwei\u00dfen von Fluorkunststoffen<\/p><p style=\"margin-top: 0pt; margin-bottom: 7pt; font-family: &amp;quot; font-size: 10.5pt; color: #333333;\">\u25ba Zielstrebig und selbstbewusst<\/p><p style=\"margin-top: 0pt; margin-bottom: 7pt; font-family: &amp;quot; font-size: 10.5pt; color: #333333;\">\u25ba Teamorientiertes und strukturiertes Arbeiten<\/p><p style=\"margin-top: 0pt; margin-bottom: 7pt; font-family: Calibri; font-size: 11.0pt;\"><span style=\"font-family: Lato, sans-serif; font-size: 16px;\">Hat Sie unser Angebot angesprochen? Dann senden Sie uns Ihre vollst\u00e4ndigen Unterlagen (Anschreiben, Lebenslauf, Zeugnisse) sowie Ihren Gehaltswunsch ausschlie\u00dflich per E-Mail z.Hdn. Markus Bogner:<a href=\"mailto:bogner@plasto-tec.at\"><b>\u00a0<\/b><\/a><\/span><a href=\"mailto:bogner@plasto-tec.at\"><b>bogner@plasto-tec.at<\/b><\/a><span style=\"font-family: Lato, sans-serif; font-size: 16px;\">.<\/span><\/p><p>Wir freuen uns auf Ihre \u00fcberzeugende Bewerbung.<\/p><p>plasto-tec. Bei uns erwartet Sie mehr.<\/p>\t\t\t\t\t\t\t\t<\/div>\n\t\t\t\t<\/div>\n\t\t\t\t\t<\/div>\n\t\t<\/div>\n\t\t\t\t<div class=\"elementor-column elementor-col-50 elementor-top-column elementor-element elementor-element-2fdd4fc\" data-id=\"2fdd4fc\" data-element_type=\"column\" data-e-type=\"column\">\n\t\t\t<div class=\"elementor-widget-wrap elementor-element-populated\">\n\t\t\t\t\t\t<div class=\"elementor-element elementor-element-3ec9f47 elementor-widget elementor-widget-image\" data-id=\"3ec9f47\" data-element_type=\"widget\" data-e-type=\"widget\" data-widget_type=\"image.default\">\n\t\t\t\t<div class=\"elementor-widget-container\">\n\t\t\t\t\t\t\t\t\t\t\t\t\t\t\t<img decoding=\"async\" src=\"https:\/\/www.plasto-tec.at\/wp-content\/uploads\/2023\/02\/job-g8eafaf2ee_1920.jpg\" title=\"\" alt=\"\" loading=\"lazy\" \/>\t\t\t\t\t\t\t\t\t\t\t\t\t\t\t<\/div>\n\t\t\t\t<\/div>\n\t\t\t\t\t<\/div>\n\t\t<\/div>\n\t\t\t\t\t<\/div>\n\t\t<\/section>\n\t\t\t\t<\/div>\n\t\t","protected":false},"excerpt":{"rendered":"<p>Stellenangebote Wir freuen wir uns auf Ihre Initiativbewerbung. Aktuelle Stellenangebote: Kunststoff Schlosser: verarbeiten, verschwei\u00dfen von Kunststoffen (m\/w\/d) Standort: Mautern, N\u00d6 F\u00fcr die plasto-tec GmbH suchen wir ab sofort zur Verst\u00e4rkung unseres Teams f\u00fcr den Standort in 3512 Mautern eine\/n erfahrene\/n Facharbeiter\/in. Beschreibung: \u25ba Verarbeiten und Schwei\u00dfen von allen duroplastischen, thermoplastischen und fluorierten Kunststoffen. \u25ba Anfertigen [&hellip;]<\/p>\n","protected":false},"author":1,"featured_media":0,"parent":0,"menu_order":0,"comment_status":"closed","ping_status":"closed","template":"elementor_header_footer","meta":{"footnotes":""},"class_list":["post-17","page","type-page","status-publish","hentry"],"yoast_head":"<!-- This site is optimized with the Yoast SEO plugin v27.4 - https:\/\/yoast.com\/product\/yoast-seo-wordpress\/ -->\n<title>Stellenangebote - Plasto-tec<\/title>\n<meta name=\"robots\" content=\"index, follow, max-snippet:-1, max-image-preview:large, max-video-preview:-1\" \/>\n<link rel=\"canonical\" href=\"https:\/\/www.plasto-tec.at\/?page_id=17\" \/>\n<meta property=\"og:locale\" content=\"de_DE\" \/>\n<meta property=\"og:type\" content=\"article\" \/>\n<meta property=\"og:title\" content=\"Stellenangebote - Plasto-tec\" \/>\n<meta property=\"og:description\" content=\"Stellenangebote Wir freuen wir uns auf Ihre Initiativbewerbung. Aktuelle Stellenangebote: Kunststoff Schlosser: verarbeiten, verschwei\u00dfen von Kunststoffen (m\/w\/d) Standort: Mautern, N\u00d6 F\u00fcr die plasto-tec GmbH suchen wir ab sofort zur Verst\u00e4rkung unseres Teams f\u00fcr den Standort in 3512 Mautern eine\/n erfahrene\/n Facharbeiter\/in. Beschreibung: \u25ba Verarbeiten und Schwei\u00dfen von allen duroplastischen, thermoplastischen und fluorierten Kunststoffen. \u25ba Anfertigen [&hellip;]\" \/>\n<meta property=\"og:url\" content=\"https:\/\/www.plasto-tec.at\/?page_id=17\" \/>\n<meta property=\"og:site_name\" content=\"Plasto-tec\" \/>\n<meta property=\"article:modified_time\" content=\"2026-01-07T05:56:33+00:00\" \/>\n<meta property=\"og:image\" content=\"https:\/\/www.plasto-tec.at\/wp-content\/uploads\/2023\/02\/job-g8eafaf2ee_1920.jpg\" \/>\n<meta name=\"twitter:card\" content=\"summary_large_image\" \/>\n<meta name=\"twitter:label1\" content=\"Gesch\u00e4tzte Lesezeit\" \/>\n\t<meta name=\"twitter:data1\" content=\"2\u00a0Minuten\" \/>\n<script type=\"application\/ld+json\" class=\"yoast-schema-graph\">{\"@context\":\"https:\\\/\\\/schema.org\",\"@graph\":[{\"@type\":\"WebPage\",\"@id\":\"https:\\\/\\\/www.plasto-tec.at\\\/?page_id=17\",\"url\":\"https:\\\/\\\/www.plasto-tec.at\\\/?page_id=17\",\"name\":\"Stellenangebote - Plasto-tec\",\"isPartOf\":{\"@id\":\"https:\\\/\\\/www.plasto-tec.at\\\/#website\"},\"primaryImageOfPage\":{\"@id\":\"https:\\\/\\\/www.plasto-tec.at\\\/?page_id=17#primaryimage\"},\"image\":{\"@id\":\"https:\\\/\\\/www.plasto-tec.at\\\/?page_id=17#primaryimage\"},\"thumbnailUrl\":\"https:\\\/\\\/www.plasto-tec.at\\\/wp-content\\\/uploads\\\/2023\\\/02\\\/job-g8eafaf2ee_1920.jpg\",\"datePublished\":\"2023-02-03T08:47:09+00:00\",\"dateModified\":\"2026-01-07T05:56:33+00:00\",\"breadcrumb\":{\"@id\":\"https:\\\/\\\/www.plasto-tec.at\\\/?page_id=17#breadcrumb\"},\"inLanguage\":\"de\",\"potentialAction\":[{\"@type\":\"ReadAction\",\"target\":[\"https:\\\/\\\/www.plasto-tec.at\\\/?page_id=17\"]}]},{\"@type\":\"ImageObject\",\"inLanguage\":\"de\",\"@id\":\"https:\\\/\\\/www.plasto-tec.at\\\/?page_id=17#primaryimage\",\"url\":\"https:\\\/\\\/www.plasto-tec.at\\\/wp-content\\\/uploads\\\/2023\\\/02\\\/job-g8eafaf2ee_1920.jpg\",\"contentUrl\":\"https:\\\/\\\/www.plasto-tec.at\\\/wp-content\\\/uploads\\\/2023\\\/02\\\/job-g8eafaf2ee_1920.jpg\"},{\"@type\":\"BreadcrumbList\",\"@id\":\"https:\\\/\\\/www.plasto-tec.at\\\/?page_id=17#breadcrumb\",\"itemListElement\":[{\"@type\":\"ListItem\",\"position\":1,\"name\":\"Startseite\",\"item\":\"https:\\\/\\\/www.plasto-tec.at\\\/\"},{\"@type\":\"ListItem\",\"position\":2,\"name\":\"Stellenangebote\"}]},{\"@type\":\"WebSite\",\"@id\":\"https:\\\/\\\/www.plasto-tec.at\\\/#website\",\"url\":\"https:\\\/\\\/www.plasto-tec.at\\\/\",\"name\":\"Plasto-tec\",\"description\":\"\",\"publisher\":{\"@id\":\"https:\\\/\\\/www.plasto-tec.at\\\/#organization\"},\"potentialAction\":[{\"@type\":\"SearchAction\",\"target\":{\"@type\":\"EntryPoint\",\"urlTemplate\":\"https:\\\/\\\/www.plasto-tec.at\\\/?s={search_term_string}\"},\"query-input\":{\"@type\":\"PropertyValueSpecification\",\"valueRequired\":true,\"valueName\":\"search_term_string\"}}],\"inLanguage\":\"de\"},{\"@type\":\"Organization\",\"@id\":\"https:\\\/\\\/www.plasto-tec.at\\\/#organization\",\"name\":\"Plasto-tec\",\"url\":\"https:\\\/\\\/www.plasto-tec.at\\\/\",\"logo\":{\"@type\":\"ImageObject\",\"inLanguage\":\"de\",\"@id\":\"https:\\\/\\\/www.plasto-tec.at\\\/#\\\/schema\\\/logo\\\/image\\\/\",\"url\":\"https:\\\/\\\/www.plasto-tec.at\\\/wp-content\\\/uploads\\\/2023\\\/01\\\/Plasto_tec_Logo_negativ-scaled.jpg\",\"contentUrl\":\"https:\\\/\\\/www.plasto-tec.at\\\/wp-content\\\/uploads\\\/2023\\\/01\\\/Plasto_tec_Logo_negativ-scaled.jpg\",\"width\":2560,\"height\":785,\"caption\":\"Plasto-tec\"},\"image\":{\"@id\":\"https:\\\/\\\/www.plasto-tec.at\\\/#\\\/schema\\\/logo\\\/image\\\/\"}}]}<\/script>\n<!-- \/ Yoast SEO plugin. -->","yoast_head_json":{"title":"Stellenangebote - Plasto-tec","robots":{"index":"index","follow":"follow","max-snippet":"max-snippet:-1","max-image-preview":"max-image-preview:large","max-video-preview":"max-video-preview:-1"},"canonical":"https:\/\/www.plasto-tec.at\/?page_id=17","og_locale":"de_DE","og_type":"article","og_title":"Stellenangebote - Plasto-tec","og_description":"Stellenangebote Wir freuen wir uns auf Ihre Initiativbewerbung. Aktuelle Stellenangebote: Kunststoff Schlosser: verarbeiten, verschwei\u00dfen von Kunststoffen (m\/w\/d) Standort: Mautern, N\u00d6 F\u00fcr die plasto-tec GmbH suchen wir ab sofort zur Verst\u00e4rkung unseres Teams f\u00fcr den Standort in 3512 Mautern eine\/n erfahrene\/n Facharbeiter\/in. Beschreibung: \u25ba Verarbeiten und Schwei\u00dfen von allen duroplastischen, thermoplastischen und fluorierten Kunststoffen. \u25ba Anfertigen [&hellip;]","og_url":"https:\/\/www.plasto-tec.at\/?page_id=17","og_site_name":"Plasto-tec","article_modified_time":"2026-01-07T05:56:33+00:00","og_image":[{"url":"https:\/\/www.plasto-tec.at\/wp-content\/uploads\/2023\/02\/job-g8eafaf2ee_1920.jpg","type":"","width":"","height":""}],"twitter_card":"summary_large_image","twitter_misc":{"Gesch\u00e4tzte Lesezeit":"2\u00a0Minuten"},"schema":{"@context":"https:\/\/schema.org","@graph":[{"@type":"WebPage","@id":"https:\/\/www.plasto-tec.at\/?page_id=17","url":"https:\/\/www.plasto-tec.at\/?page_id=17","name":"Stellenangebote - Plasto-tec","isPartOf":{"@id":"https:\/\/www.plasto-tec.at\/#website"},"primaryImageOfPage":{"@id":"https:\/\/www.plasto-tec.at\/?page_id=17#primaryimage"},"image":{"@id":"https:\/\/www.plasto-tec.at\/?page_id=17#primaryimage"},"thumbnailUrl":"https:\/\/www.plasto-tec.at\/wp-content\/uploads\/2023\/02\/job-g8eafaf2ee_1920.jpg","datePublished":"2023-02-03T08:47:09+00:00","dateModified":"2026-01-07T05:56:33+00:00","breadcrumb":{"@id":"https:\/\/www.plasto-tec.at\/?page_id=17#breadcrumb"},"inLanguage":"de","potentialAction":[{"@type":"ReadAction","target":["https:\/\/www.plasto-tec.at\/?page_id=17"]}]},{"@type":"ImageObject","inLanguage":"de","@id":"https:\/\/www.plasto-tec.at\/?page_id=17#primaryimage","url":"https:\/\/www.plasto-tec.at\/wp-content\/uploads\/2023\/02\/job-g8eafaf2ee_1920.jpg","contentUrl":"https:\/\/www.plasto-tec.at\/wp-content\/uploads\/2023\/02\/job-g8eafaf2ee_1920.jpg"},{"@type":"BreadcrumbList","@id":"https:\/\/www.plasto-tec.at\/?page_id=17#breadcrumb","itemListElement":[{"@type":"ListItem","position":1,"name":"Startseite","item":"https:\/\/www.plasto-tec.at\/"},{"@type":"ListItem","position":2,"name":"Stellenangebote"}]},{"@type":"WebSite","@id":"https:\/\/www.plasto-tec.at\/#website","url":"https:\/\/www.plasto-tec.at\/","name":"Plasto-tec","description":"","publisher":{"@id":"https:\/\/www.plasto-tec.at\/#organization"},"potentialAction":[{"@type":"SearchAction","target":{"@type":"EntryPoint","urlTemplate":"https:\/\/www.plasto-tec.at\/?s={search_term_string}"},"query-input":{"@type":"PropertyValueSpecification","valueRequired":true,"valueName":"search_term_string"}}],"inLanguage":"de"},{"@type":"Organization","@id":"https:\/\/www.plasto-tec.at\/#organization","name":"Plasto-tec","url":"https:\/\/www.plasto-tec.at\/","logo":{"@type":"ImageObject","inLanguage":"de","@id":"https:\/\/www.plasto-tec.at\/#\/schema\/logo\/image\/","url":"https:\/\/www.plasto-tec.at\/wp-content\/uploads\/2023\/01\/Plasto_tec_Logo_negativ-scaled.jpg","contentUrl":"https:\/\/www.plasto-tec.at\/wp-content\/uploads\/2023\/01\/Plasto_tec_Logo_negativ-scaled.jpg","width":2560,"height":785,"caption":"Plasto-tec"},"image":{"@id":"https:\/\/www.plasto-tec.at\/#\/schema\/logo\/image\/"}}]}},"_links":{"self":[{"href":"https:\/\/www.plasto-tec.at\/index.php?rest_route=\/wp\/v2\/pages\/17","targetHints":{"allow":["GET"]}}],"collection":[{"href":"https:\/\/www.plasto-tec.at\/index.php?rest_route=\/wp\/v2\/pages"}],"about":[{"href":"https:\/\/www.plasto-tec.at\/index.php?rest_route=\/wp\/v2\/types\/page"}],"author":[{"embeddable":true,"href":"https:\/\/www.plasto-tec.at\/index.php?rest_route=\/wp\/v2\/users\/1"}],"replies":[{"embeddable":true,"href":"https:\/\/www.plasto-tec.at\/index.php?rest_route=%2Fwp%2Fv2%2Fcomments&post=17"}],"version-history":[{"count":31,"href":"https:\/\/www.plasto-tec.at\/index.php?rest_route=\/wp\/v2\/pages\/17\/revisions"}],"predecessor-version":[{"id":667,"href":"https:\/\/www.plasto-tec.at\/index.php?rest_route=\/wp\/v2\/pages\/17\/revisions\/667"}],"wp:attachment":[{"href":"https:\/\/www.plasto-tec.at\/index.php?rest_route=%2Fwp%2Fv2%2Fmedia&parent=17"}],"curies":[{"name":"wp","href":"https:\/\/api.w.org\/{rel}","templated":true}]}}