{"id":19,"date":"2023-02-03T08:49:06","date_gmt":"2023-02-03T08:49:06","guid":{"rendered":"https:\/\/plasto-tec.at.85-25-43-18.atlantic717.startdedicated.de\/?page_id=19"},"modified":"2025-12-29T17:08:10","modified_gmt":"2025-12-29T17:08:10","slug":"impressum","status":"publish","type":"page","link":"https:\/\/www.plasto-tec.at\/?page_id=19","title":{"rendered":"Impressum"},"content":{"rendered":"\t\t<div data-elementor-type=\"wp-page\" data-elementor-id=\"19\" class=\"elementor elementor-19\" data-elementor-post-type=\"page\">\n\t\t\t\t\t\t<section class=\"elementor-section elementor-top-section elementor-element elementor-element-5e775745 elementor-section-boxed elementor-section-height-default elementor-section-height-default\" data-id=\"5e775745\" data-element_type=\"section\" data-e-type=\"section\" data-settings=\"{&quot;background_background&quot;:&quot;classic&quot;}\">\n\t\t\t\t\t\t\t<div class=\"elementor-background-overlay\"><\/div>\n\t\t\t\t\t\t\t<div class=\"elementor-container elementor-column-gap-no\">\n\t\t\t\t\t<div class=\"elementor-column elementor-col-100 elementor-top-column elementor-element elementor-element-3d72232b\" data-id=\"3d72232b\" data-element_type=\"column\" data-e-type=\"column\">\n\t\t\t<div class=\"elementor-widget-wrap elementor-element-populated\">\n\t\t\t\t\t\t<div class=\"elementor-element elementor-element-2983ed32 animated-slow elementor-invisible elementor-widget elementor-widget-heading\" data-id=\"2983ed32\" data-element_type=\"widget\" data-e-type=\"widget\" data-settings=\"{&quot;_animation&quot;:&quot;fadeIn&quot;}\" data-widget_type=\"heading.default\">\n\t\t\t\t<div class=\"elementor-widget-container\">\n\t\t\t\t\t<h2 class=\"elementor-heading-title elementor-size-default\">Impressum<\/h2>\t\t\t\t<\/div>\n\t\t\t\t<\/div>\n\t\t\t\t<div class=\"elementor-element elementor-element-22f8ef5 elementor-widget elementor-widget-text-editor\" data-id=\"22f8ef5\" data-element_type=\"widget\" data-e-type=\"widget\" data-widget_type=\"text-editor.default\">\n\t\t\t\t<div class=\"elementor-widget-container\">\n\t\t\t\t\t\t\t\t\t<h5 class=\"mediumHeading\"><span style=\"color: #003366;\"><strong>Medieninhaber<\/strong><\/span><\/h5>\n<h6 class=\"smallHeading\"><span style=\"color: #003366;\"><strong>plasto-tec GmbH<\/strong><\/span><\/h6>\n<p>Austra\u00dfe 35<br>3512 Mautern<br>\u00d6STERREICH<br>Tel.: +43 (0)2732 81127-0<br>Fax.: +43 (0)2732 81127-14<br>E-mail:&nbsp;<a href=\"mailto:office@plasto-tec.at\">office@plasto-tec.at<\/a><\/p>\n<div class=\"row\">\n<div class=\"col-lg-6 col-md-6 col-sm-6 col-xs-6\">\n<h5 class=\"smallHeading\"><span style=\"color: #003366;\"><strong>Kammer:<\/strong><\/span><\/h5>\n<p>Wirtschaftskammer N\u00d6;<br>Gewerbe Kunststoffverarbeiter f\u00fcr die Herstellung, Reparatur, die Montage und die Montage von Beh\u00e4lter, Apparate und Rohrleitungen aus glasfaserverst\u00e4rkten Kunststoff und Thermoplasten<\/p>\n<\/div>\n<div class=\"col-lg-6 col-md-6 col-sm-6 col-xs-6\">\n<h5 class=\"smallHeading\"><span style=\"color: #003366;\"><strong>Firmenbuchnummer, -gericht:<\/strong><\/span><\/h5>\n<p>FN160029m<br>Landesgericht Krems an der Donau<\/p>\n<\/div>\n<\/div>\n<div class=\"row\">\n<div class=\"col-lg-6 col-md-6 col-sm-6 col-xs-6\">\n<h5 class=\"smallHeading\"><span style=\"color: #003366;\"><strong>Gesellschafter:<\/strong><\/span><\/h5><p>Plasticon Composites GmbH<\/p>\n<\/div>\n<div class=\"col-lg-6 col-md-6 col-sm-6 col-xs-6\">\n<h5 class=\"smallHeading\"><span style=\"color: #003366;\"><strong>Gesch\u00e4ftsf\u00fchrer:<\/strong><\/span><\/h5>\n<p>Bogner Markus<\/p>\n<\/div>\n<\/div>\n<h5 class=\"smallHeading\"><span style=\"color: #003366;\"><strong>Zust\u00e4ndige Beh\u00f6rde:<\/strong><\/span><\/h5>\n<p>Landesgericht Krems an der Donau<br><b>UID:<\/b>&nbsp;ATU 42853907<br><b>DG-Nr:<\/b>&nbsp;100 089 446<br><b>SCC-Zertifikat Nr.:<\/b>&nbsp;145124<\/p>\n<h5 class=\"smallHeading\"><span style=\"color: #003366;\"><strong>Unternehmensgegenstand:<\/strong><\/span><\/h5>\n<p>Handel, Installation, der Service und die Reparatur von glasfaserverst\u00e4rkten Kunststoffprodukten (Apparate, Beh\u00e4lter, Kamine, Kolonnen, W\u00e4scher, Rohrleitungen, Gitterroste, Profile, Beschichtungen und Folienauskleidungen).<\/p>\n<h5 class=\"smallHeading\"><span style=\"color: #003366;\"><strong>Inhalt &amp; Copyrights der Website:<\/strong><\/span><\/h5>\n<p>Die Inhalte dieser Website sind nach bestem Wissen und Gewissen erstellt und werden laufend gewartet und aktualisiert. Dennoch kann aufgrund der technischen Eigenschaften des Internets keinerlei Gew\u00e4hr f\u00fcr die Verf\u00fcgbarkeit oder den Betrieb der Website sowie f\u00fcr Richtigkeit und Vollst\u00e4ndigkeit der hier zur Verf\u00fcgung gestellten Informationen \u00fcbernommen werden.<br>Jede Haftung f\u00fcr etwaige Sch\u00e4den die aus der Benutzung, den publizierten Informationen und Querverweisen (Links) oder der Nichtverf\u00fcgbarkeit dieser Website entstehen ist ausgeschlossen.<br>S\u00e4mtliche Inhalte dieser Website sind urheberrechtlich gesch\u00fctzt. Eine, \u00fcber den privaten Eigenbedarf hinausgehende, Nutzung von Inhalten erfordert die schriftliche Zustimmung der plasto-tec GmbH.<\/p>\t\t\t\t\t\t\t\t<\/div>\n\t\t\t\t<\/div>\n\t\t\t\t\t<\/div>\n\t\t<\/div>\n\t\t\t\t\t<\/div>\n\t\t<\/section>\n\t\t\t\t<\/div>\n\t\t","protected":false},"excerpt":{"rendered":"<p>Impressum Medieninhaber plasto-tec GmbH Austra\u00dfe 353512 Mautern\u00d6STERREICHTel.: +43 (0)2732 81127-0Fax.: +43 (0)2732 81127-14E-mail:&nbsp;office@plasto-tec.at Kammer: Wirtschaftskammer N\u00d6;Gewerbe Kunststoffverarbeiter f\u00fcr die Herstellung, Reparatur, die Montage und die Montage von Beh\u00e4lter, Apparate und Rohrleitungen aus glasfaserverst\u00e4rkten Kunststoff und Thermoplasten Firmenbuchnummer, -gericht: FN160029mLandesgericht Krems an der Donau Gesellschafter: Plasticon Composites GmbH Gesch\u00e4ftsf\u00fchrer: Bogner Markus Zust\u00e4ndige Beh\u00f6rde: Landesgericht Krems an [&hellip;]<\/p>\n","protected":false},"author":1,"featured_media":0,"parent":0,"menu_order":0,"comment_status":"closed","ping_status":"closed","template":"elementor_header_footer","meta":{"footnotes":""},"class_list":["post-19","page","type-page","status-publish","hentry"],"yoast_head":"<!-- This site is optimized with the Yoast SEO plugin v27.5 - https:\/\/yoast.com\/product\/yoast-seo-wordpress\/ -->\n<title>Impressum - Plasto-tec<\/title>\n<meta name=\"robots\" content=\"index, follow, max-snippet:-1, max-image-preview:large, max-video-preview:-1\" \/>\n<link rel=\"canonical\" href=\"https:\/\/www.plasto-tec.at\/?page_id=19\" \/>\n<meta property=\"og:locale\" content=\"de_DE\" \/>\n<meta property=\"og:type\" content=\"article\" \/>\n<meta property=\"og:title\" content=\"Impressum - Plasto-tec\" \/>\n<meta property=\"og:description\" content=\"Impressum Medieninhaber plasto-tec GmbH Austra\u00dfe 353512 Mautern\u00d6STERREICHTel.: +43 (0)2732 81127-0Fax.: +43 (0)2732 81127-14E-mail:&nbsp;office@plasto-tec.at Kammer: Wirtschaftskammer N\u00d6;Gewerbe Kunststoffverarbeiter f\u00fcr die Herstellung, Reparatur, die Montage und die Montage von Beh\u00e4lter, Apparate und Rohrleitungen aus glasfaserverst\u00e4rkten Kunststoff und Thermoplasten Firmenbuchnummer, -gericht: FN160029mLandesgericht Krems an der Donau Gesellschafter: Plasticon Composites GmbH Gesch\u00e4ftsf\u00fchrer: Bogner Markus Zust\u00e4ndige Beh\u00f6rde: Landesgericht Krems an [&hellip;]\" \/>\n<meta property=\"og:url\" content=\"https:\/\/www.plasto-tec.at\/?page_id=19\" \/>\n<meta property=\"og:site_name\" content=\"Plasto-tec\" \/>\n<meta property=\"article:modified_time\" content=\"2025-12-29T17:08:10+00:00\" \/>\n<meta name=\"twitter:card\" content=\"summary_large_image\" \/>\n<meta name=\"twitter:label1\" content=\"Gesch\u00e4tzte Lesezeit\" \/>\n\t<meta name=\"twitter:data1\" content=\"2\u00a0Minuten\" \/>\n<script type=\"application\/ld+json\" class=\"yoast-schema-graph\">{\"@context\":\"https:\\\/\\\/schema.org\",\"@graph\":[{\"@type\":\"WebPage\",\"@id\":\"https:\\\/\\\/www.plasto-tec.at\\\/?page_id=19\",\"url\":\"https:\\\/\\\/www.plasto-tec.at\\\/?page_id=19\",\"name\":\"Impressum - Plasto-tec\",\"isPartOf\":{\"@id\":\"https:\\\/\\\/www.plasto-tec.at\\\/#website\"},\"datePublished\":\"2023-02-03T08:49:06+00:00\",\"dateModified\":\"2025-12-29T17:08:10+00:00\",\"breadcrumb\":{\"@id\":\"https:\\\/\\\/www.plasto-tec.at\\\/?page_id=19#breadcrumb\"},\"inLanguage\":\"de\",\"potentialAction\":[{\"@type\":\"ReadAction\",\"target\":[\"https:\\\/\\\/www.plasto-tec.at\\\/?page_id=19\"]}]},{\"@type\":\"BreadcrumbList\",\"@id\":\"https:\\\/\\\/www.plasto-tec.at\\\/?page_id=19#breadcrumb\",\"itemListElement\":[{\"@type\":\"ListItem\",\"position\":1,\"name\":\"Startseite\",\"item\":\"https:\\\/\\\/www.plasto-tec.at\\\/\"},{\"@type\":\"ListItem\",\"position\":2,\"name\":\"Impressum\"}]},{\"@type\":\"WebSite\",\"@id\":\"https:\\\/\\\/www.plasto-tec.at\\\/#website\",\"url\":\"https:\\\/\\\/www.plasto-tec.at\\\/\",\"name\":\"Plasto-tec\",\"description\":\"\",\"publisher\":{\"@id\":\"https:\\\/\\\/www.plasto-tec.at\\\/#organization\"},\"potentialAction\":[{\"@type\":\"SearchAction\",\"target\":{\"@type\":\"EntryPoint\",\"urlTemplate\":\"https:\\\/\\\/www.plasto-tec.at\\\/?s={search_term_string}\"},\"query-input\":{\"@type\":\"PropertyValueSpecification\",\"valueRequired\":true,\"valueName\":\"search_term_string\"}}],\"inLanguage\":\"de\"},{\"@type\":\"Organization\",\"@id\":\"https:\\\/\\\/www.plasto-tec.at\\\/#organization\",\"name\":\"Plasto-tec\",\"url\":\"https:\\\/\\\/www.plasto-tec.at\\\/\",\"logo\":{\"@type\":\"ImageObject\",\"inLanguage\":\"de\",\"@id\":\"https:\\\/\\\/www.plasto-tec.at\\\/#\\\/schema\\\/logo\\\/image\\\/\",\"url\":\"https:\\\/\\\/www.plasto-tec.at\\\/wp-content\\\/uploads\\\/2023\\\/01\\\/Plasto_tec_Logo_negativ-scaled.jpg\",\"contentUrl\":\"https:\\\/\\\/www.plasto-tec.at\\\/wp-content\\\/uploads\\\/2023\\\/01\\\/Plasto_tec_Logo_negativ-scaled.jpg\",\"width\":2560,\"height\":785,\"caption\":\"Plasto-tec\"},\"image\":{\"@id\":\"https:\\\/\\\/www.plasto-tec.at\\\/#\\\/schema\\\/logo\\\/image\\\/\"}}]}<\/script>\n<!-- \/ Yoast SEO plugin. -->","yoast_head_json":{"title":"Impressum - Plasto-tec","robots":{"index":"index","follow":"follow","max-snippet":"max-snippet:-1","max-image-preview":"max-image-preview:large","max-video-preview":"max-video-preview:-1"},"canonical":"https:\/\/www.plasto-tec.at\/?page_id=19","og_locale":"de_DE","og_type":"article","og_title":"Impressum - Plasto-tec","og_description":"Impressum Medieninhaber plasto-tec GmbH Austra\u00dfe 353512 Mautern\u00d6STERREICHTel.: +43 (0)2732 81127-0Fax.: +43 (0)2732 81127-14E-mail:&nbsp;office@plasto-tec.at Kammer: Wirtschaftskammer N\u00d6;Gewerbe Kunststoffverarbeiter f\u00fcr die Herstellung, Reparatur, die Montage und die Montage von Beh\u00e4lter, Apparate und Rohrleitungen aus glasfaserverst\u00e4rkten Kunststoff und Thermoplasten Firmenbuchnummer, -gericht: FN160029mLandesgericht Krems an der Donau Gesellschafter: Plasticon Composites GmbH Gesch\u00e4ftsf\u00fchrer: Bogner Markus Zust\u00e4ndige Beh\u00f6rde: Landesgericht Krems an [&hellip;]","og_url":"https:\/\/www.plasto-tec.at\/?page_id=19","og_site_name":"Plasto-tec","article_modified_time":"2025-12-29T17:08:10+00:00","twitter_card":"summary_large_image","twitter_misc":{"Gesch\u00e4tzte Lesezeit":"2\u00a0Minuten"},"schema":{"@context":"https:\/\/schema.org","@graph":[{"@type":"WebPage","@id":"https:\/\/www.plasto-tec.at\/?page_id=19","url":"https:\/\/www.plasto-tec.at\/?page_id=19","name":"Impressum - Plasto-tec","isPartOf":{"@id":"https:\/\/www.plasto-tec.at\/#website"},"datePublished":"2023-02-03T08:49:06+00:00","dateModified":"2025-12-29T17:08:10+00:00","breadcrumb":{"@id":"https:\/\/www.plasto-tec.at\/?page_id=19#breadcrumb"},"inLanguage":"de","potentialAction":[{"@type":"ReadAction","target":["https:\/\/www.plasto-tec.at\/?page_id=19"]}]},{"@type":"BreadcrumbList","@id":"https:\/\/www.plasto-tec.at\/?page_id=19#breadcrumb","itemListElement":[{"@type":"ListItem","position":1,"name":"Startseite","item":"https:\/\/www.plasto-tec.at\/"},{"@type":"ListItem","position":2,"name":"Impressum"}]},{"@type":"WebSite","@id":"https:\/\/www.plasto-tec.at\/#website","url":"https:\/\/www.plasto-tec.at\/","name":"Plasto-tec","description":"","publisher":{"@id":"https:\/\/www.plasto-tec.at\/#organization"},"potentialAction":[{"@type":"SearchAction","target":{"@type":"EntryPoint","urlTemplate":"https:\/\/www.plasto-tec.at\/?s={search_term_string}"},"query-input":{"@type":"PropertyValueSpecification","valueRequired":true,"valueName":"search_term_string"}}],"inLanguage":"de"},{"@type":"Organization","@id":"https:\/\/www.plasto-tec.at\/#organization","name":"Plasto-tec","url":"https:\/\/www.plasto-tec.at\/","logo":{"@type":"ImageObject","inLanguage":"de","@id":"https:\/\/www.plasto-tec.at\/#\/schema\/logo\/image\/","url":"https:\/\/www.plasto-tec.at\/wp-content\/uploads\/2023\/01\/Plasto_tec_Logo_negativ-scaled.jpg","contentUrl":"https:\/\/www.plasto-tec.at\/wp-content\/uploads\/2023\/01\/Plasto_tec_Logo_negativ-scaled.jpg","width":2560,"height":785,"caption":"Plasto-tec"},"image":{"@id":"https:\/\/www.plasto-tec.at\/#\/schema\/logo\/image\/"}}]}},"_links":{"self":[{"href":"https:\/\/www.plasto-tec.at\/index.php?rest_route=\/wp\/v2\/pages\/19","targetHints":{"allow":["GET"]}}],"collection":[{"href":"https:\/\/www.plasto-tec.at\/index.php?rest_route=\/wp\/v2\/pages"}],"about":[{"href":"https:\/\/www.plasto-tec.at\/index.php?rest_route=\/wp\/v2\/types\/page"}],"author":[{"embeddable":true,"href":"https:\/\/www.plasto-tec.at\/index.php?rest_route=\/wp\/v2\/users\/1"}],"replies":[{"embeddable":true,"href":"https:\/\/www.plasto-tec.at\/index.php?rest_route=%2Fwp%2Fv2%2Fcomments&post=19"}],"version-history":[{"count":19,"href":"https:\/\/www.plasto-tec.at\/index.php?rest_route=\/wp\/v2\/pages\/19\/revisions"}],"predecessor-version":[{"id":658,"href":"https:\/\/www.plasto-tec.at\/index.php?rest_route=\/wp\/v2\/pages\/19\/revisions\/658"}],"wp:attachment":[{"href":"https:\/\/www.plasto-tec.at\/index.php?rest_route=%2Fwp%2Fv2%2Fmedia&parent=19"}],"curies":[{"name":"wp","href":"https:\/\/api.w.org\/{rel}","templated":true}]}}